{"id":718,"date":"2024-01-15T13:56:08","date_gmt":"2024-01-15T13:56:08","guid":{"rendered":"https:\/\/mireillefacialiste.com\/?page_id=718"},"modified":"2024-12-10T11:14:35","modified_gmt":"2024-12-10T10:14:35","slug":"mentions-legales","status":"publish","type":"page","link":"https:\/\/mireillefacialiste.com\/fr\/mentions-legales\/","title":{"rendered":"Mentions L\u00e9gales"},"content":{"rendered":"\t\t<div data-elementor-type=\"wp-page\" data-elementor-id=\"718\" class=\"elementor elementor-718\" data-elementor-post-type=\"page\">\n\t\t\t\t<div class=\"elementor-element elementor-element-4f7d4ee e-flex e-con-boxed e-con e-parent\" data-id=\"4f7d4ee\" data-element_type=\"container\">\n\t\t\t\t\t<div class=\"e-con-inner\">\n\t\t\t\t<div class=\"elementor-element elementor-element-344cd8d elementor-widget elementor-widget-heading\" data-id=\"344cd8d\" data-element_type=\"widget\" data-widget_type=\"heading.default\">\n\t\t\t\t<div class=\"elementor-widget-container\">\n\t\t\t\t\t<h2 class=\"elementor-heading-title elementor-size-default\">Mentions L\u00e9gales<\/h2>\t\t\t\t<\/div>\n\t\t\t\t<\/div>\n\t\t\t\t<div class=\"elementor-element elementor-element-4cbec5e elementor-widget elementor-widget-text-editor\" data-id=\"4cbec5e\" data-element_type=\"widget\" data-widget_type=\"text-editor.default\">\n\t\t\t\t<div class=\"elementor-widget-container\">\n\t\t\t\t\t\t\t\t\t<h4>INFORMATIONS SUR LE SITE<\/h4><p><strong>Site web : <\/strong>mireillefacialiste.com<\/p><p><strong>Propri\u00e9taire<\/strong> : Mireille Pujos \u2013 MIREILLE FACIALISTE SASU<\/p><p>SIRET \/ SIREN : 98124484100012 \/ 981244841<\/p><p>R.C.S. Chamb\u00e9ry &#8211; N\u00b0 FR69981244841<\/p><p><strong>Adresse :<\/strong> CHE DES MASSETTES &#8211; DOMAINE DES CIME 73420 VOGLANS<\/p><p><strong>Responsable de publication :<\/strong> Mireille Pujos<\/p><p><strong>Contact :<\/strong> <a href=\"mailto:mireillefacialiste@gmail.com\">mireillefacialiste@gmail.com<\/a> ou (+33) 6 73 87 20 03<\/p><p><strong>Hebergeur :\u00a0<\/strong><\/p><p><strong>IONOS<\/strong><\/p><p>1&amp;1 Internet SARL<\/p><p>Hostmaster UNETUN<\/p><p>7, place de la Gare<\/p><p>FR 57200 Sarreguemines<\/p><p>+33.970808911<\/p><p>hostmaster@1and1.fr<\/p>\t\t\t\t\t\t\t\t<\/div>\n\t\t\t\t<\/div>\n\t\t\t\t<div class=\"elementor-element elementor-element-2d2a649 elementor-widget elementor-widget-text-editor\" data-id=\"2d2a649\" data-element_type=\"widget\" data-widget_type=\"text-editor.default\">\n\t\t\t\t<div class=\"elementor-widget-container\">\n\t\t\t\t\t\t\t\t\t<h4>PROPRI\u00c9T\u00c9 INTELLECTUELLE ET CONTREFA\u00c7ONS.<\/h4><p>Mireille PUJOS est propri\u00e9taire des droits de propri\u00e9t\u00e9 intellectuelle ou d\u00e9tient les droits d\u2019usage sur tous les \u00e9l\u00e9ments accessibles sur le site, notamment les textes, images, graphismes, logo, ic\u00f4nes, sons, logiciels.<\/p><p>Toute reproduction, repr\u00e9sentation, modification, publication, adaptation de tout ou partie des \u00e9l\u00e9ments du site, quel que soit le moyen ou le proc\u00e9d\u00e9 utilis\u00e9, est interdite, sauf autorisation \u00e9crite pr\u00e9alable de : Mireille Pujos.<\/p><p>Toute exploitation non autoris\u00e9e du site ou de l\u2019un quelconque des \u00e9l\u00e9ments qu\u2019il contient sera consid\u00e9r\u00e9e comme constitutive d\u2019une contrefa\u00e7on et poursuivie conform\u00e9ment aux dispositions des articles L.335-2 et suivants du Code de Propri\u00e9t\u00e9 Intellectuelle.<\/p><h4>\u00a0<\/h4><h4>LIMITATIONS DE RESPONSABILIT\u00c9.<\/h4><p>Mireille PUJOS ne pourra \u00eatre tenue responsable des dommages directs et indirects caus\u00e9s au mat\u00e9riel de l\u2019utilisateur, lors de l\u2019acc\u00e8s au site <a href=\"http:\/\/www.mireillefacialsite.fr\">www.mireillefacialsite.fr<\/a> , et r\u00e9sultant soit de l\u2019utilisation d\u2019un mat\u00e9riel ne r\u00e9pondant pas aux sp\u00e9cifications indiqu\u00e9es au point 4, soit de l\u2019apparition d\u2019un bug ou d\u2019une incompatibilit\u00e9.<\/p><p>Mireille Pujos ne pourra \u00e9galement \u00eatre tenue responsable des dommages indirects (tels par exemple qu\u2019une perte de march\u00e9 ou perte d\u2019une chance) cons\u00e9cutifs \u00e0 l\u2019utilisation du site www.mireillefacialiste.com<\/p>\t\t\t\t\t\t\t\t<\/div>\n\t\t\t\t<\/div>\n\t\t\t\t\t<\/div>\n\t\t\t\t<\/div>\n\t\t\t\t<\/div>\n\t\t","protected":false},"excerpt":{"rendered":"<p>Mentions L\u00e9gales INFORMATIONS SUR LE SITE Site web : mireillefacialiste.com Propri\u00e9taire : Mireille Pujos \u2013 MIREILLE FACIALISTE SASU SIRET \/ SIREN : 98124484100012 \/ 981244841 R.C.S. Chamb\u00e9ry &#8211; N\u00b0 FR69981244841 Adresse : CHE DES MASSETTES &#8211; DOMAINE DES CIME 73420 VOGLANS Responsable de publication : Mireille Pujos Contact : mireillefacialiste@gmail.com ou (+33) 6 73 87 [&hellip;]<\/p>\n","protected":false},"author":1,"featured_media":0,"parent":0,"menu_order":0,"comment_status":"closed","ping_status":"closed","template":"","meta":{"footnotes":""},"class_list":["post-718","page","type-page","status-publish","hentry"],"yoast_head":"<!-- This site is optimized with the Yoast SEO plugin v24.3 - https:\/\/yoast.com\/wordpress\/plugins\/seo\/ -->\n<title>Mentions L\u00e9gales - Mireille Facialiste<\/title>\n<meta name=\"robots\" content=\"noindex, follow\" \/>\n<meta property=\"og:locale\" content=\"fr_FR\" \/>\n<meta property=\"og:type\" content=\"article\" \/>\n<meta property=\"og:title\" content=\"Mentions L\u00e9gales - Mireille Facialiste\" \/>\n<meta property=\"og:description\" content=\"Mentions L\u00e9gales INFORMATIONS SUR LE SITE Site web : mireillefacialiste.com Propri\u00e9taire : Mireille Pujos \u2013 MIREILLE FACIALISTE SASU SIRET \/ SIREN : 98124484100012 \/ 981244841 R.C.S. Chamb\u00e9ry &#8211; N\u00b0 FR69981244841 Adresse : CHE DES MASSETTES &#8211; DOMAINE DES CIME 73420 VOGLANS Responsable de publication : Mireille Pujos Contact : mireillefacialiste@gmail.com ou (+33) 6 73 87 [&hellip;]\" \/>\n<meta property=\"og:url\" content=\"https:\/\/mireillefacialiste.com\/fr\/mentions-legales\/\" \/>\n<meta property=\"og:site_name\" content=\"Mireille Facialiste\" \/>\n<meta property=\"article:modified_time\" content=\"2024-12-10T10:14:35+00:00\" \/>\n<meta name=\"twitter:card\" content=\"summary_large_image\" \/>\n<meta name=\"twitter:label1\" content=\"Dur\u00e9e de lecture estim\u00e9e\" \/>\n\t<meta name=\"twitter:data1\" content=\"2 minutes\" \/>\n<script type=\"application\/ld+json\" class=\"yoast-schema-graph\">{\"@context\":\"https:\/\/schema.org\",\"@graph\":[{\"@type\":\"WebPage\",\"@id\":\"https:\/\/mireillefacialiste.com\/fr\/mentions-legales\/\",\"url\":\"https:\/\/mireillefacialiste.com\/fr\/mentions-legales\/\",\"name\":\"Mentions L\u00e9gales - Mireille Facialiste\",\"isPartOf\":{\"@id\":\"https:\/\/mireillefacialiste.com\/fr\/#website\"},\"datePublished\":\"2024-01-15T13:56:08+00:00\",\"dateModified\":\"2024-12-10T10:14:35+00:00\",\"breadcrumb\":{\"@id\":\"https:\/\/mireillefacialiste.com\/fr\/mentions-legales\/#breadcrumb\"},\"inLanguage\":\"fr-FR\",\"potentialAction\":[{\"@type\":\"ReadAction\",\"target\":[\"https:\/\/mireillefacialiste.com\/fr\/mentions-legales\/\"]}]},{\"@type\":\"BreadcrumbList\",\"@id\":\"https:\/\/mireillefacialiste.com\/fr\/mentions-legales\/#breadcrumb\",\"itemListElement\":[{\"@type\":\"ListItem\",\"position\":1,\"name\":\"Accueil\",\"item\":\"https:\/\/mireillefacialiste.com\/\"},{\"@type\":\"ListItem\",\"position\":2,\"name\":\"Mentions L\u00e9gales\"}]},{\"@type\":\"WebSite\",\"@id\":\"https:\/\/mireillefacialiste.com\/fr\/#website\",\"url\":\"https:\/\/mireillefacialiste.com\/fr\/\",\"name\":\"Mireille Facialiste\",\"description\":\"Facialiste \u00e0 Domicile - Aix-les-Bains et alentours - Rhone Alpes\",\"publisher\":{\"@id\":\"https:\/\/mireillefacialiste.com\/fr\/#organization\"},\"potentialAction\":[{\"@type\":\"SearchAction\",\"target\":{\"@type\":\"EntryPoint\",\"urlTemplate\":\"https:\/\/mireillefacialiste.com\/fr\/?s={search_term_string}\"},\"query-input\":{\"@type\":\"PropertyValueSpecification\",\"valueRequired\":true,\"valueName\":\"search_term_string\"}}],\"inLanguage\":\"fr-FR\"},{\"@type\":\"Organization\",\"@id\":\"https:\/\/mireillefacialiste.com\/fr\/#organization\",\"name\":\"Mireille Facialiste\",\"url\":\"https:\/\/mireillefacialiste.com\/fr\/\",\"logo\":{\"@type\":\"ImageObject\",\"inLanguage\":\"fr-FR\",\"@id\":\"https:\/\/mireillefacialiste.com\/fr\/#\/schema\/logo\/image\/\",\"url\":\"https:\/\/mireillefacialiste.com\/wp-content\/uploads\/2023\/11\/cropped-Logo-MF-rectangulaire-noir.png\",\"contentUrl\":\"https:\/\/mireillefacialiste.com\/wp-content\/uploads\/2023\/11\/cropped-Logo-MF-rectangulaire-noir.png\",\"width\":1001,\"height\":400,\"caption\":\"Mireille Facialiste\"},\"image\":{\"@id\":\"https:\/\/mireillefacialiste.com\/fr\/#\/schema\/logo\/image\/\"}}]}<\/script>\n<!-- \/ Yoast SEO plugin. -->","yoast_head_json":{"title":"Mentions L\u00e9gales - Mireille Facialiste","robots":{"index":"noindex","follow":"follow"},"og_locale":"fr_FR","og_type":"article","og_title":"Mentions L\u00e9gales - Mireille Facialiste","og_description":"Mentions L\u00e9gales INFORMATIONS SUR LE SITE Site web : mireillefacialiste.com Propri\u00e9taire : Mireille Pujos \u2013 MIREILLE FACIALISTE SASU SIRET \/ SIREN : 98124484100012 \/ 981244841 R.C.S. Chamb\u00e9ry &#8211; N\u00b0 FR69981244841 Adresse : CHE DES MASSETTES &#8211; DOMAINE DES CIME 73420 VOGLANS Responsable de publication : Mireille Pujos Contact : mireillefacialiste@gmail.com ou (+33) 6 73 87 [&hellip;]","og_url":"https:\/\/mireillefacialiste.com\/fr\/mentions-legales\/","og_site_name":"Mireille Facialiste","article_modified_time":"2024-12-10T10:14:35+00:00","twitter_card":"summary_large_image","twitter_misc":{"Dur\u00e9e de lecture estim\u00e9e":"2 minutes"},"schema":{"@context":"https:\/\/schema.org","@graph":[{"@type":"WebPage","@id":"https:\/\/mireillefacialiste.com\/fr\/mentions-legales\/","url":"https:\/\/mireillefacialiste.com\/fr\/mentions-legales\/","name":"Mentions L\u00e9gales - Mireille Facialiste","isPartOf":{"@id":"https:\/\/mireillefacialiste.com\/fr\/#website"},"datePublished":"2024-01-15T13:56:08+00:00","dateModified":"2024-12-10T10:14:35+00:00","breadcrumb":{"@id":"https:\/\/mireillefacialiste.com\/fr\/mentions-legales\/#breadcrumb"},"inLanguage":"fr-FR","potentialAction":[{"@type":"ReadAction","target":["https:\/\/mireillefacialiste.com\/fr\/mentions-legales\/"]}]},{"@type":"BreadcrumbList","@id":"https:\/\/mireillefacialiste.com\/fr\/mentions-legales\/#breadcrumb","itemListElement":[{"@type":"ListItem","position":1,"name":"Accueil","item":"https:\/\/mireillefacialiste.com\/"},{"@type":"ListItem","position":2,"name":"Mentions L\u00e9gales"}]},{"@type":"WebSite","@id":"https:\/\/mireillefacialiste.com\/fr\/#website","url":"https:\/\/mireillefacialiste.com\/fr\/","name":"Mireille Facialiste","description":"Facialiste \u00e0 Domicile - Aix-les-Bains et alentours - Rhone Alpes","publisher":{"@id":"https:\/\/mireillefacialiste.com\/fr\/#organization"},"potentialAction":[{"@type":"SearchAction","target":{"@type":"EntryPoint","urlTemplate":"https:\/\/mireillefacialiste.com\/fr\/?s={search_term_string}"},"query-input":{"@type":"PropertyValueSpecification","valueRequired":true,"valueName":"search_term_string"}}],"inLanguage":"fr-FR"},{"@type":"Organization","@id":"https:\/\/mireillefacialiste.com\/fr\/#organization","name":"Mireille Facialiste","url":"https:\/\/mireillefacialiste.com\/fr\/","logo":{"@type":"ImageObject","inLanguage":"fr-FR","@id":"https:\/\/mireillefacialiste.com\/fr\/#\/schema\/logo\/image\/","url":"https:\/\/mireillefacialiste.com\/wp-content\/uploads\/2023\/11\/cropped-Logo-MF-rectangulaire-noir.png","contentUrl":"https:\/\/mireillefacialiste.com\/wp-content\/uploads\/2023\/11\/cropped-Logo-MF-rectangulaire-noir.png","width":1001,"height":400,"caption":"Mireille Facialiste"},"image":{"@id":"https:\/\/mireillefacialiste.com\/fr\/#\/schema\/logo\/image\/"}}]}},"_links":{"self":[{"href":"https:\/\/mireillefacialiste.com\/fr\/wp-json\/wp\/v2\/pages\/718","targetHints":{"allow":["GET"]}}],"collection":[{"href":"https:\/\/mireillefacialiste.com\/fr\/wp-json\/wp\/v2\/pages"}],"about":[{"href":"https:\/\/mireillefacialiste.com\/fr\/wp-json\/wp\/v2\/types\/page"}],"author":[{"embeddable":true,"href":"https:\/\/mireillefacialiste.com\/fr\/wp-json\/wp\/v2\/users\/1"}],"replies":[{"embeddable":true,"href":"https:\/\/mireillefacialiste.com\/fr\/wp-json\/wp\/v2\/comments?post=718"}],"version-history":[{"count":46,"href":"https:\/\/mireillefacialiste.com\/fr\/wp-json\/wp\/v2\/pages\/718\/revisions"}],"predecessor-version":[{"id":1270,"href":"https:\/\/mireillefacialiste.com\/fr\/wp-json\/wp\/v2\/pages\/718\/revisions\/1270"}],"wp:attachment":[{"href":"https:\/\/mireillefacialiste.com\/fr\/wp-json\/wp\/v2\/media?parent=718"}],"curies":[{"name":"wp","href":"https:\/\/api.w.org\/{rel}","templated":true}]}}