{"id":392,"date":"2023-12-28T13:03:05","date_gmt":"2023-12-28T13:03:05","guid":{"rendered":"https:\/\/mireillefacialiste.com\/?page_id=392"},"modified":"2024-12-23T19:18:39","modified_gmt":"2024-12-23T18:18:39","slug":"contact-mireille-facialiste","status":"publish","type":"page","link":"https:\/\/mireillefacialiste.com\/fr\/contact-mireille-facialiste\/","title":{"rendered":"Contact &#8211; Mireille Facialiste"},"content":{"rendered":"\t\t<div data-elementor-type=\"wp-page\" data-elementor-id=\"392\" class=\"elementor elementor-392\" data-elementor-post-type=\"page\">\n\t\t\t\t<div class=\"elementor-element elementor-element-4d50655 e-flex e-con-boxed e-con e-parent\" data-id=\"4d50655\" data-element_type=\"container\" data-settings=\"{&quot;background_background&quot;:&quot;classic&quot;}\">\n\t\t\t\t\t<div class=\"e-con-inner\">\n\t\t<div class=\"elementor-element elementor-element-c208a13 e-con-full e-flex e-con e-child\" data-id=\"c208a13\" data-element_type=\"container\">\n\t\t\t\t<div class=\"elementor-element elementor-element-7e9d2101 elementor-widget-tablet__width-inherit elementor-widget-mobile__width-inherit elementor-widget elementor-widget-image-box\" data-id=\"7e9d2101\" data-element_type=\"widget\" data-widget_type=\"image-box.default\">\n\t\t\t\t<div class=\"elementor-widget-container\">\n\t\t\t\t\t<div class=\"elementor-image-box-wrapper\"><div class=\"elementor-image-box-content\"><h3 class=\"elementor-image-box-title\">Informations<\/h3><p class=\"elementor-image-box-description\">Vous avez une question sur les soins ? Une demande pour un rendez-vous hors Rh\u00f4ne-Alpes ou \u00e0 l'\u00e9tranger ? N'h\u00e9sitez pas \u00e0 me contacter.<\/p><\/div><\/div>\t\t\t\t<\/div>\n\t\t\t\t<\/div>\n\t\t\t\t<div class=\"elementor-element elementor-element-1d3c14b elementor-mobile-align-center elementor-widget elementor-widget-button\" data-id=\"1d3c14b\" data-element_type=\"widget\" data-widget_type=\"button.default\">\n\t\t\t\t<div class=\"elementor-widget-container\">\n\t\t\t\t\t\t\t\t\t<div class=\"elementor-button-wrapper\">\n\t\t\t\t\t<a class=\"elementor-button elementor-button-link elementor-size-sm elementor-animation-bob\" href=\"#elementor-action%3Aaction%3Dpopup%3Aopen%26settings%3DeyJpZCI6IjEzNDkiLCJ0b2dnbGUiOmZhbHNlfQ%3D%3D\">\n\t\t\t\t\t\t<span class=\"elementor-button-content-wrapper\">\n\t\t\t\t\t\t\t\t\t<span class=\"elementor-button-text\">Prendre rendez-vous<\/span>\n\t\t\t\t\t<\/span>\n\t\t\t\t\t<\/a>\n\t\t\t\t<\/div>\n\t\t\t\t\t\t\t\t<\/div>\n\t\t\t\t<\/div>\n\t\t\t\t<div class=\"elementor-element elementor-element-a3187e9 elementor-widget-divider--view-line elementor-widget elementor-widget-divider\" data-id=\"a3187e9\" data-element_type=\"widget\" data-widget_type=\"divider.default\">\n\t\t\t\t<div class=\"elementor-widget-container\">\n\t\t\t\t\t\t\t<div class=\"elementor-divider\">\n\t\t\t<span class=\"elementor-divider-separator\">\n\t\t\t\t\t\t<\/span>\n\t\t<\/div>\n\t\t\t\t\t\t<\/div>\n\t\t\t\t<\/div>\n\t\t<div class=\"elementor-element elementor-element-26dd9be8 e-con-full e-flex e-con e-child\" data-id=\"26dd9be8\" data-element_type=\"container\">\n\t\t\t\t<div class=\"elementor-element elementor-element-2b40f259 elementor-widget-tablet__width-initial elementor-widget-mobile__width-inherit elementor-widget elementor-widget-heading\" data-id=\"2b40f259\" data-element_type=\"widget\" data-widget_type=\"heading.default\">\n\t\t\t\t<div class=\"elementor-widget-container\">\n\t\t\t\t\t<h3 class=\"elementor-heading-title elementor-size-default\">Contact<\/h3>\t\t\t\t<\/div>\n\t\t\t\t<\/div>\n\t\t\t\t<div class=\"elementor-element elementor-element-7caf872e elementor-icon-list--layout-traditional elementor-list-item-link-full_width elementor-widget elementor-widget-icon-list\" data-id=\"7caf872e\" data-element_type=\"widget\" data-widget_type=\"icon-list.default\">\n\t\t\t\t<div class=\"elementor-widget-container\">\n\t\t\t\t\t\t\t<ul class=\"elementor-icon-list-items\">\n\t\t\t\t\t\t\t<li class=\"elementor-icon-list-item\">\n\t\t\t\t\t\t\t\t\t\t<span class=\"elementor-icon-list-text\">(+33) 6 73 87 20 03<\/span>\n\t\t\t\t\t\t\t\t\t<\/li>\n\t\t\t\t\t\t\t\t<li class=\"elementor-icon-list-item\">\n\t\t\t\t\t\t\t\t\t\t<span class=\"elementor-icon-list-text\">mireillefacialiste@gmail.com<\/span>\n\t\t\t\t\t\t\t\t\t<\/li>\n\t\t\t\t\t\t<\/ul>\n\t\t\t\t\t\t<\/div>\n\t\t\t\t<\/div>\n\t\t\t\t<\/div>\n\t\t<div class=\"elementor-element elementor-element-46fc5e0b e-con-full e-flex e-con e-child\" data-id=\"46fc5e0b\" data-element_type=\"container\">\n\t\t\t\t<div class=\"elementor-element elementor-element-33a1aa1d elementor-widget-tablet__width-initial elementor-widget-mobile__width-inherit elementor-widget elementor-widget-heading\" data-id=\"33a1aa1d\" data-element_type=\"widget\" data-widget_type=\"heading.default\">\n\t\t\t\t<div class=\"elementor-widget-container\">\n\t\t\t\t\t<h3 class=\"elementor-heading-title elementor-size-default\">Horaires<\/h3>\t\t\t\t<\/div>\n\t\t\t\t<\/div>\n\t\t\t\t<div class=\"elementor-element elementor-element-6b8453ce elementor-icon-list--layout-traditional elementor-list-item-link-full_width elementor-widget elementor-widget-icon-list\" data-id=\"6b8453ce\" data-element_type=\"widget\" data-widget_type=\"icon-list.default\">\n\t\t\t\t<div class=\"elementor-widget-container\">\n\t\t\t\t\t\t\t<ul class=\"elementor-icon-list-items\">\n\t\t\t\t\t\t\t<li class=\"elementor-icon-list-item\">\n\t\t\t\t\t\t\t\t\t\t<span class=\"elementor-icon-list-text\">Retrouvez toutes mes disponibilit\u00e9s directement sur les liens de prise de rendez-vous en ligne.<\/span>\n\t\t\t\t\t\t\t\t\t<\/li>\n\t\t\t\t\t\t<\/ul>\n\t\t\t\t\t\t<\/div>\n\t\t\t\t<\/div>\n\t\t\t\t<\/div>\n\t\t\t\t<div class=\"elementor-element elementor-element-db90729 e-grid-align-left elementor-shape-rounded elementor-grid-0 elementor-widget elementor-widget-social-icons\" data-id=\"db90729\" data-element_type=\"widget\" data-widget_type=\"social-icons.default\">\n\t\t\t\t<div class=\"elementor-widget-container\">\n\t\t\t\t\t\t\t<div class=\"elementor-social-icons-wrapper elementor-grid\">\n\t\t\t\t\t\t\t<span class=\"elementor-grid-item\">\n\t\t\t\t\t<a class=\"elementor-icon elementor-social-icon elementor-social-icon-instagram elementor-repeater-item-2b345ab\" href=\"https:\/\/www.instagram.com\/mireillefacialiste\/\" target=\"_blank\">\n\t\t\t\t\t\t<span class=\"elementor-screen-only\">Instagram<\/span>\n\t\t\t\t\t\t<svg class=\"e-font-icon-svg e-fab-instagram\" viewBox=\"0 0 448 512\" xmlns=\"http:\/\/www.w3.org\/2000\/svg\"><path d=\"M224.1 141c-63.6 0-114.9 51.3-114.9 114.9s51.3 114.9 114.9 114.9S339 319.5 339 255.9 287.7 141 224.1 141zm0 189.6c-41.1 0-74.7-33.5-74.7-74.7s33.5-74.7 74.7-74.7 74.7 33.5 74.7 74.7-33.6 74.7-74.7 74.7zm146.4-194.3c0 14.9-12 26.8-26.8 26.8-14.9 0-26.8-12-26.8-26.8s12-26.8 26.8-26.8 26.8 12 26.8 26.8zm76.1 27.2c-1.7-35.9-9.9-67.7-36.2-93.9-26.2-26.2-58-34.4-93.9-36.2-37-2.1-147.9-2.1-184.9 0-35.8 1.7-67.6 9.9-93.9 36.1s-34.4 58-36.2 93.9c-2.1 37-2.1 147.9 0 184.9 1.7 35.9 9.9 67.7 36.2 93.9s58 34.4 93.9 36.2c37 2.1 147.9 2.1 184.9 0 35.9-1.7 67.7-9.9 93.9-36.2 26.2-26.2 34.4-58 36.2-93.9 2.1-37 2.1-147.8 0-184.8zM398.8 388c-7.8 19.6-22.9 34.7-42.6 42.6-29.5 11.7-99.5 9-132.1 9s-102.7 2.6-132.1-9c-19.6-7.8-34.7-22.9-42.6-42.6-11.7-29.5-9-99.5-9-132.1s-2.6-102.7 9-132.1c7.8-19.6 22.9-34.7 42.6-42.6 29.5-11.7 99.5-9 132.1-9s102.7-2.6 132.1 9c19.6 7.8 34.7 22.9 42.6 42.6 11.7 29.5 9 99.5 9 132.1s2.7 102.7-9 132.1z\"><\/path><\/svg>\t\t\t\t\t<\/a>\n\t\t\t\t<\/span>\n\t\t\t\t\t\t\t<span class=\"elementor-grid-item\">\n\t\t\t\t\t<a class=\"elementor-icon elementor-social-icon elementor-social-icon-facebook elementor-repeater-item-cedf204\" href=\"https:\/\/www.facebook.com\/mireillefacialiste\/\" target=\"_blank\">\n\t\t\t\t\t\t<span class=\"elementor-screen-only\">Facebook<\/span>\n\t\t\t\t\t\t<svg class=\"e-font-icon-svg e-fab-facebook\" viewBox=\"0 0 512 512\" xmlns=\"http:\/\/www.w3.org\/2000\/svg\"><path d=\"M504 256C504 119 393 8 256 8S8 119 8 256c0 123.78 90.69 226.38 209.25 245V327.69h-63V256h63v-54.64c0-62.15 37-96.48 93.67-96.48 27.14 0 55.52 4.84 55.52 4.84v61h-31.28c-30.8 0-40.41 19.12-40.41 38.73V256h68.78l-11 71.69h-57.78V501C413.31 482.38 504 379.78 504 256z\"><\/path><\/svg>\t\t\t\t\t<\/a>\n\t\t\t\t<\/span>\n\t\t\t\t\t\t\t<span class=\"elementor-grid-item\">\n\t\t\t\t\t<a class=\"elementor-icon elementor-social-icon elementor-social-icon-linkedin elementor-repeater-item-d66b6e1\" href=\"https:\/\/www.linkedin.com\/company\/mireille-facialiste\/\" target=\"_blank\">\n\t\t\t\t\t\t<span class=\"elementor-screen-only\">Linkedin<\/span>\n\t\t\t\t\t\t<svg class=\"e-font-icon-svg e-fab-linkedin\" viewBox=\"0 0 448 512\" xmlns=\"http:\/\/www.w3.org\/2000\/svg\"><path d=\"M416 32H31.9C14.3 32 0 46.5 0 64.3v383.4C0 465.5 14.3 480 31.9 480H416c17.6 0 32-14.5 32-32.3V64.3c0-17.8-14.4-32.3-32-32.3zM135.4 416H69V202.2h66.5V416zm-33.2-243c-21.3 0-38.5-17.3-38.5-38.5S80.9 96 102.2 96c21.2 0 38.5 17.3 38.5 38.5 0 21.3-17.2 38.5-38.5 38.5zm282.1 243h-66.4V312c0-24.8-.5-56.7-34.5-56.7-34.6 0-39.9 27-39.9 54.9V416h-66.4V202.2h63.7v29.2h.9c8.9-16.8 30.6-34.5 62.9-34.5 67.2 0 79.7 44.3 79.7 101.9V416z\"><\/path><\/svg>\t\t\t\t\t<\/a>\n\t\t\t\t<\/span>\n\t\t\t\t\t<\/div>\n\t\t\t\t\t\t<\/div>\n\t\t\t\t<\/div>\n\t\t\t\t<\/div>\n\t\t\t\t<div class=\"elementor-element elementor-element-4d0cbe5 elementor-widget elementor-widget-image\" data-id=\"4d0cbe5\" data-element_type=\"widget\" data-widget_type=\"image.default\">\n\t\t\t\t<div class=\"elementor-widget-container\">\n\t\t\t\t\t\t\t\t\t\t\t\t\t\t\t<img fetchpriority=\"high\" decoding=\"async\" width=\"683\" height=\"1024\" src=\"https:\/\/mireillefacialiste.com\/wp-content\/uploads\/2023\/12\/mireille-facialiste-2023\u00a9julieriviere-118-1-683x1024.jpg\" class=\"attachment-large size-large wp-image-395\" alt=\"\" srcset=\"https:\/\/mireillefacialiste.com\/wp-content\/uploads\/2023\/12\/mireille-facialiste-2023\u00a9julieriviere-118-1-683x1024.jpg 683w, https:\/\/mireillefacialiste.com\/wp-content\/uploads\/2023\/12\/mireille-facialiste-2023\u00a9julieriviere-118-1-200x300.jpg 200w, https:\/\/mireillefacialiste.com\/wp-content\/uploads\/2023\/12\/mireille-facialiste-2023\u00a9julieriviere-118-1-768x1152.jpg 768w, https:\/\/mireillefacialiste.com\/wp-content\/uploads\/2023\/12\/mireille-facialiste-2023\u00a9julieriviere-118-1-1024x1536.jpg 1024w, https:\/\/mireillefacialiste.com\/wp-content\/uploads\/2023\/12\/mireille-facialiste-2023\u00a9julieriviere-118-1.jpg 1067w\" sizes=\"(max-width: 683px) 100vw, 683px\" \/>\t\t\t\t\t\t\t\t\t\t\t\t\t\t\t<\/div>\n\t\t\t\t<\/div>\n\t\t\t\t\t<\/div>\n\t\t\t\t<\/div>\n\t\t\t\t<\/div>\n\t\t","protected":false},"excerpt":{"rendered":"<p>Informations Vous avez une question sur les soins ? Une demande pour un rendez-vous hors Rh\u00f4ne-Alpes ou \u00e0 l&rsquo;\u00e9tranger ? N&rsquo;h\u00e9sitez pas \u00e0 me contacter. Prendre rendez-vous Contact (+33) 6 73 87 20 03 mireillefacialiste@gmail.com Horaires Retrouvez toutes mes disponibilit\u00e9s directement sur les liens de prise de rendez-vous en ligne. Instagram Facebook Linkedin<\/p>\n","protected":false},"author":1,"featured_media":0,"parent":0,"menu_order":0,"comment_status":"closed","ping_status":"closed","template":"","meta":{"footnotes":""},"class_list":["post-392","page","type-page","status-publish","hentry"],"yoast_head":"<!-- This site is optimized with the Yoast SEO plugin v24.3 - https:\/\/yoast.com\/wordpress\/plugins\/seo\/ -->\n<title>Contact - Mireille Facialiste - Mireille Facialiste<\/title>\n<meta name=\"robots\" content=\"index, follow, max-snippet:-1, max-image-preview:large, max-video-preview:-1\" \/>\n<link rel=\"canonical\" href=\"https:\/\/mireillefacialiste.com\/fr\/contact-mireille-facialiste\/\" \/>\n<meta property=\"og:locale\" content=\"fr_FR\" \/>\n<meta property=\"og:type\" content=\"article\" \/>\n<meta property=\"og:title\" content=\"Contact - Mireille Facialiste - Mireille Facialiste\" \/>\n<meta property=\"og:description\" content=\"Informations Vous avez une question sur les soins ? Une demande pour un rendez-vous hors Rh\u00f4ne-Alpes ou \u00e0 l&rsquo;\u00e9tranger ? N&rsquo;h\u00e9sitez pas \u00e0 me contacter. Prendre rendez-vous Contact (+33) 6 73 87 20 03 mireillefacialiste@gmail.com Horaires Retrouvez toutes mes disponibilit\u00e9s directement sur les liens de prise de rendez-vous en ligne. Instagram Facebook Linkedin\" \/>\n<meta property=\"og:url\" content=\"https:\/\/mireillefacialiste.com\/fr\/contact-mireille-facialiste\/\" \/>\n<meta property=\"og:site_name\" content=\"Mireille Facialiste\" \/>\n<meta property=\"article:modified_time\" content=\"2024-12-23T18:18:39+00:00\" \/>\n<meta name=\"twitter:card\" content=\"summary_large_image\" \/>\n<meta name=\"twitter:label1\" content=\"Dur\u00e9e de lecture estim\u00e9e\" \/>\n\t<meta name=\"twitter:data1\" content=\"1 minute\" \/>\n<script type=\"application\/ld+json\" class=\"yoast-schema-graph\">{\"@context\":\"https:\/\/schema.org\",\"@graph\":[{\"@type\":\"WebPage\",\"@id\":\"https:\/\/mireillefacialiste.com\/contact-mireille-facialiste\/\",\"url\":\"https:\/\/mireillefacialiste.com\/contact-mireille-facialiste\/\",\"name\":\"Contact - Mireille Facialiste - Mireille Facialiste\",\"isPartOf\":{\"@id\":\"https:\/\/mireillefacialiste.com\/fr\/#website\"},\"datePublished\":\"2023-12-28T13:03:05+00:00\",\"dateModified\":\"2024-12-23T18:18:39+00:00\",\"breadcrumb\":{\"@id\":\"https:\/\/mireillefacialiste.com\/contact-mireille-facialiste\/#breadcrumb\"},\"inLanguage\":\"fr-FR\",\"potentialAction\":[{\"@type\":\"ReadAction\",\"target\":[\"https:\/\/mireillefacialiste.com\/contact-mireille-facialiste\/\"]}]},{\"@type\":\"BreadcrumbList\",\"@id\":\"https:\/\/mireillefacialiste.com\/contact-mireille-facialiste\/#breadcrumb\",\"itemListElement\":[{\"@type\":\"ListItem\",\"position\":1,\"name\":\"Accueil\",\"item\":\"https:\/\/mireillefacialiste.com\/\"},{\"@type\":\"ListItem\",\"position\":2,\"name\":\"Contact &#8211; Mireille Facialiste\"}]},{\"@type\":\"WebSite\",\"@id\":\"https:\/\/mireillefacialiste.com\/fr\/#website\",\"url\":\"https:\/\/mireillefacialiste.com\/fr\/\",\"name\":\"Mireille Facialiste\",\"description\":\"Facialiste \u00e0 Domicile - Aix-les-Bains et alentours - Rhone Alpes\",\"publisher\":{\"@id\":\"https:\/\/mireillefacialiste.com\/fr\/#organization\"},\"potentialAction\":[{\"@type\":\"SearchAction\",\"target\":{\"@type\":\"EntryPoint\",\"urlTemplate\":\"https:\/\/mireillefacialiste.com\/fr\/?s={search_term_string}\"},\"query-input\":{\"@type\":\"PropertyValueSpecification\",\"valueRequired\":true,\"valueName\":\"search_term_string\"}}],\"inLanguage\":\"fr-FR\"},{\"@type\":\"Organization\",\"@id\":\"https:\/\/mireillefacialiste.com\/fr\/#organization\",\"name\":\"Mireille Facialiste\",\"url\":\"https:\/\/mireillefacialiste.com\/fr\/\",\"logo\":{\"@type\":\"ImageObject\",\"inLanguage\":\"fr-FR\",\"@id\":\"https:\/\/mireillefacialiste.com\/fr\/#\/schema\/logo\/image\/\",\"url\":\"https:\/\/mireillefacialiste.com\/wp-content\/uploads\/2023\/11\/cropped-Logo-MF-rectangulaire-noir.png\",\"contentUrl\":\"https:\/\/mireillefacialiste.com\/wp-content\/uploads\/2023\/11\/cropped-Logo-MF-rectangulaire-noir.png\",\"width\":1001,\"height\":400,\"caption\":\"Mireille Facialiste\"},\"image\":{\"@id\":\"https:\/\/mireillefacialiste.com\/fr\/#\/schema\/logo\/image\/\"}}]}<\/script>\n<!-- \/ Yoast SEO plugin. -->","yoast_head_json":{"title":"Contact - Mireille Facialiste - Mireille Facialiste","robots":{"index":"index","follow":"follow","max-snippet":"max-snippet:-1","max-image-preview":"max-image-preview:large","max-video-preview":"max-video-preview:-1"},"canonical":"https:\/\/mireillefacialiste.com\/fr\/contact-mireille-facialiste\/","og_locale":"fr_FR","og_type":"article","og_title":"Contact - Mireille Facialiste - Mireille Facialiste","og_description":"Informations Vous avez une question sur les soins ? Une demande pour un rendez-vous hors Rh\u00f4ne-Alpes ou \u00e0 l&rsquo;\u00e9tranger ? N&rsquo;h\u00e9sitez pas \u00e0 me contacter. Prendre rendez-vous Contact (+33) 6 73 87 20 03 mireillefacialiste@gmail.com Horaires Retrouvez toutes mes disponibilit\u00e9s directement sur les liens de prise de rendez-vous en ligne. Instagram Facebook Linkedin","og_url":"https:\/\/mireillefacialiste.com\/fr\/contact-mireille-facialiste\/","og_site_name":"Mireille Facialiste","article_modified_time":"2024-12-23T18:18:39+00:00","twitter_card":"summary_large_image","twitter_misc":{"Dur\u00e9e de lecture estim\u00e9e":"1 minute"},"schema":{"@context":"https:\/\/schema.org","@graph":[{"@type":"WebPage","@id":"https:\/\/mireillefacialiste.com\/contact-mireille-facialiste\/","url":"https:\/\/mireillefacialiste.com\/contact-mireille-facialiste\/","name":"Contact - Mireille Facialiste - Mireille Facialiste","isPartOf":{"@id":"https:\/\/mireillefacialiste.com\/fr\/#website"},"datePublished":"2023-12-28T13:03:05+00:00","dateModified":"2024-12-23T18:18:39+00:00","breadcrumb":{"@id":"https:\/\/mireillefacialiste.com\/contact-mireille-facialiste\/#breadcrumb"},"inLanguage":"fr-FR","potentialAction":[{"@type":"ReadAction","target":["https:\/\/mireillefacialiste.com\/contact-mireille-facialiste\/"]}]},{"@type":"BreadcrumbList","@id":"https:\/\/mireillefacialiste.com\/contact-mireille-facialiste\/#breadcrumb","itemListElement":[{"@type":"ListItem","position":1,"name":"Accueil","item":"https:\/\/mireillefacialiste.com\/"},{"@type":"ListItem","position":2,"name":"Contact &#8211; Mireille Facialiste"}]},{"@type":"WebSite","@id":"https:\/\/mireillefacialiste.com\/fr\/#website","url":"https:\/\/mireillefacialiste.com\/fr\/","name":"Mireille Facialiste","description":"Facialiste \u00e0 Domicile - Aix-les-Bains et alentours - Rhone Alpes","publisher":{"@id":"https:\/\/mireillefacialiste.com\/fr\/#organization"},"potentialAction":[{"@type":"SearchAction","target":{"@type":"EntryPoint","urlTemplate":"https:\/\/mireillefacialiste.com\/fr\/?s={search_term_string}"},"query-input":{"@type":"PropertyValueSpecification","valueRequired":true,"valueName":"search_term_string"}}],"inLanguage":"fr-FR"},{"@type":"Organization","@id":"https:\/\/mireillefacialiste.com\/fr\/#organization","name":"Mireille Facialiste","url":"https:\/\/mireillefacialiste.com\/fr\/","logo":{"@type":"ImageObject","inLanguage":"fr-FR","@id":"https:\/\/mireillefacialiste.com\/fr\/#\/schema\/logo\/image\/","url":"https:\/\/mireillefacialiste.com\/wp-content\/uploads\/2023\/11\/cropped-Logo-MF-rectangulaire-noir.png","contentUrl":"https:\/\/mireillefacialiste.com\/wp-content\/uploads\/2023\/11\/cropped-Logo-MF-rectangulaire-noir.png","width":1001,"height":400,"caption":"Mireille Facialiste"},"image":{"@id":"https:\/\/mireillefacialiste.com\/fr\/#\/schema\/logo\/image\/"}}]}},"_links":{"self":[{"href":"https:\/\/mireillefacialiste.com\/fr\/wp-json\/wp\/v2\/pages\/392","targetHints":{"allow":["GET"]}}],"collection":[{"href":"https:\/\/mireillefacialiste.com\/fr\/wp-json\/wp\/v2\/pages"}],"about":[{"href":"https:\/\/mireillefacialiste.com\/fr\/wp-json\/wp\/v2\/types\/page"}],"author":[{"embeddable":true,"href":"https:\/\/mireillefacialiste.com\/fr\/wp-json\/wp\/v2\/users\/1"}],"replies":[{"embeddable":true,"href":"https:\/\/mireillefacialiste.com\/fr\/wp-json\/wp\/v2\/comments?post=392"}],"version-history":[{"count":67,"href":"https:\/\/mireillefacialiste.com\/fr\/wp-json\/wp\/v2\/pages\/392\/revisions"}],"predecessor-version":[{"id":1376,"href":"https:\/\/mireillefacialiste.com\/fr\/wp-json\/wp\/v2\/pages\/392\/revisions\/1376"}],"wp:attachment":[{"href":"https:\/\/mireillefacialiste.com\/fr\/wp-json\/wp\/v2\/media?parent=392"}],"curies":[{"name":"wp","href":"https:\/\/api.w.org\/{rel}","templated":true}]}}