{"id":366,"date":"2023-12-27T20:57:56","date_gmt":"2023-12-27T20:57:56","guid":{"rendered":"https:\/\/mireillefacialiste.com\/?page_id=366"},"modified":"2024-12-10T11:14:11","modified_gmt":"2024-12-10T10:14:11","slug":"conditions-generales-dutilisations-et-de-ventes","status":"publish","type":"page","link":"https:\/\/mireillefacialiste.com\/fr\/conditions-generales-dutilisations-et-de-ventes\/","title":{"rendered":"Conditions G\u00e9n\u00e9rales d&rsquo;utilisations et de ventes"},"content":{"rendered":"\t\t<div data-elementor-type=\"wp-page\" data-elementor-id=\"366\" class=\"elementor elementor-366\" data-elementor-post-type=\"page\">\n\t\t\t\t<div class=\"elementor-element elementor-element-a161a66 e-flex e-con-boxed e-con e-parent\" data-id=\"a161a66\" data-element_type=\"container\" data-settings=\"{&quot;shape_divider_top&quot;:&quot;curve&quot;}\">\n\t\t\t\t\t<div class=\"e-con-inner\">\n\t\t\t\t<div class=\"elementor-shape elementor-shape-top\" data-negative=\"false\">\n\t\t\t<svg xmlns=\"http:\/\/www.w3.org\/2000\/svg\" viewBox=\"0 0 1000 100\" preserveAspectRatio=\"none\">\n    <path class=\"elementor-shape-fill\" d=\"M1000,4.3V0H0v4.3C0.9,23.1,126.7,99.2,500,100S1000,22.7,1000,4.3z\"\/>\n<\/svg>\t\t<\/div>\n\t\t\t\t<div class=\"elementor-element elementor-element-d8c54ee elementor-widget elementor-widget-heading\" data-id=\"d8c54ee\" data-element_type=\"widget\" data-widget_type=\"heading.default\">\n\t\t\t\t<div class=\"elementor-widget-container\">\n\t\t\t\t\t<h2 class=\"elementor-heading-title elementor-size-default\">Conditions g\u00e9n\u00e9rales de vente et Condition g\u00e9n\u00e9rales d'utilisation <\/h2>\t\t\t\t<\/div>\n\t\t\t\t<\/div>\n\t\t\t\t<div class=\"elementor-element elementor-element-1b4f64c elementor-widget-divider--view-line elementor-widget elementor-widget-divider\" data-id=\"1b4f64c\" data-element_type=\"widget\" data-widget_type=\"divider.default\">\n\t\t\t\t<div class=\"elementor-widget-container\">\n\t\t\t\t\t\t\t<div class=\"elementor-divider\">\n\t\t\t<span class=\"elementor-divider-separator\">\n\t\t\t\t\t\t<\/span>\n\t\t<\/div>\n\t\t\t\t\t\t<\/div>\n\t\t\t\t<\/div>\n\t\t\t\t<div class=\"elementor-element elementor-element-cd0db01 elementor-widget elementor-widget-heading\" data-id=\"cd0db01\" data-element_type=\"widget\" data-widget_type=\"heading.default\">\n\t\t\t\t<div class=\"elementor-widget-container\">\n\t\t\t\t\t<h2 class=\"elementor-heading-title elementor-size-default\">RESERVATIONS :\u00a0<\/h2>\t\t\t\t<\/div>\n\t\t\t\t<\/div>\n\t\t\t\t<div class=\"elementor-element elementor-element-689efed elementor-widget elementor-widget-text-editor\" data-id=\"689efed\" data-element_type=\"widget\" data-widget_type=\"text-editor.default\">\n\t\t\t\t<div class=\"elementor-widget-container\">\n\t\t\t\t\t\t\t\t\t<p>\u00a0Les r\u00e9servations se font<b> via le site Internet et via son <a href=\"https:\/\/mireillefacialiste.setmore.com\/\">application d\u00e9di\u00e9e<\/a>. (<a href=\"http:\/\/mireillefacialiste.com\">mireillefacialiste.com<\/a><a href=\"http:\/\/mireillefacialiste.com\">)<\/a><\/b><\/p><p><span style=\"text-decoration: underline;\"><strong>En prenant un rendez-vous en ligne vous acceptez les conditions \u00a0suivantes :\u00a0<\/strong><\/span><\/p><p>\u00a0Tous rendez-vous non annul\u00e9e 24h \u00e0 l\u2019avance est consid\u00e9r\u00e9e comme due.<\/p><p>R\u00e8glements :\u00a0<\/p><p><b>R\u00e8glement sur place en carte bancaire, ch\u00e8que ou esp\u00e8ce.<\/b><\/p><p><b>Tarifs valables jusqu\u2019au 31\/12\/2024<\/b><\/p><p>\u00a0<b>Pas de remboursement.\u00a0<\/b><\/p><h3>CGU :<\/h3><p align=\"left\"><strong>DROITS D\u2019AUTEUR<\/strong><\/p><p align=\"left\">La reproduction, l\u2019utilisation, l\u2019exploitation de tout ou partie du pr\u00e9sent site internet et de son contenu, notamment des photographies, du design, des images, des textes, des \u00e9l\u00e9ments de conception graphique et en r\u00e8gle g\u00e9n\u00e9rale de tous les \u00e9l\u00e9ments constitutifs du site sont interdites sans accord pr\u00e9alable de leurs auteurs. Le non-respect de cette interdiction constitue une contrefa\u00e7on pouvant engager la responsabilit\u00e9 civile et p\u00e9nale du contrefacteur.<\/p><p class=\"western\" align=\"left\"><strong>PHOTOGRAPHIE :<\/strong><\/p><p align=\"left\">Les cr\u00e9dits photographiques du site\u00a0 :<\/p><p align=\"left\"><strong>Mireille Facialiste et Julie Rivi\u00e8re .<\/strong><\/p><p align=\"left\"><strong>Rappel : la reproduction, l\u2019utilisation, l\u2019exploitation des photographies publi\u00e9es sur le site internet sont interdites sans accord pr\u00e9alable de leur auteur.<\/strong><\/p>\t\t\t\t\t\t\t\t<\/div>\n\t\t\t\t<\/div>\n\t\t\t\t\t<\/div>\n\t\t\t\t<\/div>\n\t\t\t\t<\/div>\n\t\t","protected":false},"excerpt":{"rendered":"<p>Conditions g\u00e9n\u00e9rales de vente et Condition g\u00e9n\u00e9rales d&rsquo;utilisation RESERVATIONS :\u00a0 \u00a0Les r\u00e9servations se font via le site Internet et via son application d\u00e9di\u00e9e. (mireillefacialiste.com) En prenant un rendez-vous en ligne vous acceptez les conditions \u00a0suivantes :\u00a0 \u00a0Tous rendez-vous non annul\u00e9e 24h \u00e0 l\u2019avance est consid\u00e9r\u00e9e comme due. R\u00e8glements :\u00a0 R\u00e8glement sur place en carte bancaire, [&hellip;]<\/p>\n","protected":false},"author":1,"featured_media":0,"parent":0,"menu_order":0,"comment_status":"closed","ping_status":"closed","template":"","meta":{"footnotes":""},"class_list":["post-366","page","type-page","status-publish","hentry"],"yoast_head":"<!-- This site is optimized with the Yoast SEO plugin v24.3 - https:\/\/yoast.com\/wordpress\/plugins\/seo\/ -->\n<title>Conditions G\u00e9n\u00e9rales d&#039;utilisations et de ventes - Mireille Facialiste<\/title>\n<meta name=\"robots\" content=\"noindex, follow\" \/>\n<meta property=\"og:locale\" content=\"fr_FR\" \/>\n<meta property=\"og:type\" content=\"article\" \/>\n<meta property=\"og:title\" content=\"Conditions G\u00e9n\u00e9rales d&#039;utilisations et de ventes - Mireille Facialiste\" \/>\n<meta property=\"og:description\" content=\"Conditions g\u00e9n\u00e9rales de vente et Condition g\u00e9n\u00e9rales d&rsquo;utilisation RESERVATIONS :\u00a0 \u00a0Les r\u00e9servations se font via le site Internet et via son application d\u00e9di\u00e9e. (mireillefacialiste.com) En prenant un rendez-vous en ligne vous acceptez les conditions \u00a0suivantes :\u00a0 \u00a0Tous rendez-vous non annul\u00e9e 24h \u00e0 l\u2019avance est consid\u00e9r\u00e9e comme due. R\u00e8glements :\u00a0 R\u00e8glement sur place en carte bancaire, [&hellip;]\" \/>\n<meta property=\"og:url\" content=\"https:\/\/mireillefacialiste.com\/fr\/conditions-generales-dutilisations-et-de-ventes\/\" \/>\n<meta property=\"og:site_name\" content=\"Mireille Facialiste\" \/>\n<meta property=\"article:modified_time\" content=\"2024-12-10T10:14:11+00:00\" \/>\n<meta name=\"twitter:card\" content=\"summary_large_image\" \/>\n<meta name=\"twitter:label1\" content=\"Dur\u00e9e de lecture estim\u00e9e\" \/>\n\t<meta name=\"twitter:data1\" content=\"1 minute\" \/>\n<script type=\"application\/ld+json\" class=\"yoast-schema-graph\">{\"@context\":\"https:\/\/schema.org\",\"@graph\":[{\"@type\":\"WebPage\",\"@id\":\"https:\/\/mireillefacialiste.com\/conditions-generales-dutilisations-et-de-ventes\/\",\"url\":\"https:\/\/mireillefacialiste.com\/conditions-generales-dutilisations-et-de-ventes\/\",\"name\":\"Conditions G\u00e9n\u00e9rales d'utilisations et de ventes - Mireille Facialiste\",\"isPartOf\":{\"@id\":\"https:\/\/mireillefacialiste.com\/fr\/#website\"},\"datePublished\":\"2023-12-27T20:57:56+00:00\",\"dateModified\":\"2024-12-10T10:14:11+00:00\",\"breadcrumb\":{\"@id\":\"https:\/\/mireillefacialiste.com\/conditions-generales-dutilisations-et-de-ventes\/#breadcrumb\"},\"inLanguage\":\"fr-FR\",\"potentialAction\":[{\"@type\":\"ReadAction\",\"target\":[\"https:\/\/mireillefacialiste.com\/conditions-generales-dutilisations-et-de-ventes\/\"]}]},{\"@type\":\"BreadcrumbList\",\"@id\":\"https:\/\/mireillefacialiste.com\/conditions-generales-dutilisations-et-de-ventes\/#breadcrumb\",\"itemListElement\":[{\"@type\":\"ListItem\",\"position\":1,\"name\":\"Accueil\",\"item\":\"https:\/\/mireillefacialiste.com\/\"},{\"@type\":\"ListItem\",\"position\":2,\"name\":\"Conditions G\u00e9n\u00e9rales d&rsquo;utilisations et de ventes\"}]},{\"@type\":\"WebSite\",\"@id\":\"https:\/\/mireillefacialiste.com\/fr\/#website\",\"url\":\"https:\/\/mireillefacialiste.com\/fr\/\",\"name\":\"Mireille Facialiste\",\"description\":\"Facialiste \u00e0 Domicile - Aix-les-Bains et alentours - Rhone Alpes\",\"publisher\":{\"@id\":\"https:\/\/mireillefacialiste.com\/fr\/#organization\"},\"potentialAction\":[{\"@type\":\"SearchAction\",\"target\":{\"@type\":\"EntryPoint\",\"urlTemplate\":\"https:\/\/mireillefacialiste.com\/fr\/?s={search_term_string}\"},\"query-input\":{\"@type\":\"PropertyValueSpecification\",\"valueRequired\":true,\"valueName\":\"search_term_string\"}}],\"inLanguage\":\"fr-FR\"},{\"@type\":\"Organization\",\"@id\":\"https:\/\/mireillefacialiste.com\/fr\/#organization\",\"name\":\"Mireille Facialiste\",\"url\":\"https:\/\/mireillefacialiste.com\/fr\/\",\"logo\":{\"@type\":\"ImageObject\",\"inLanguage\":\"fr-FR\",\"@id\":\"https:\/\/mireillefacialiste.com\/fr\/#\/schema\/logo\/image\/\",\"url\":\"https:\/\/mireillefacialiste.com\/wp-content\/uploads\/2023\/11\/cropped-Logo-MF-rectangulaire-noir.png\",\"contentUrl\":\"https:\/\/mireillefacialiste.com\/wp-content\/uploads\/2023\/11\/cropped-Logo-MF-rectangulaire-noir.png\",\"width\":1001,\"height\":400,\"caption\":\"Mireille Facialiste\"},\"image\":{\"@id\":\"https:\/\/mireillefacialiste.com\/fr\/#\/schema\/logo\/image\/\"}}]}<\/script>\n<!-- \/ Yoast SEO plugin. -->","yoast_head_json":{"title":"Conditions G\u00e9n\u00e9rales d'utilisations et de ventes - Mireille Facialiste","robots":{"index":"noindex","follow":"follow"},"og_locale":"fr_FR","og_type":"article","og_title":"Conditions G\u00e9n\u00e9rales d'utilisations et de ventes - Mireille Facialiste","og_description":"Conditions g\u00e9n\u00e9rales de vente et Condition g\u00e9n\u00e9rales d&rsquo;utilisation RESERVATIONS :\u00a0 \u00a0Les r\u00e9servations se font via le site Internet et via son application d\u00e9di\u00e9e. (mireillefacialiste.com) En prenant un rendez-vous en ligne vous acceptez les conditions \u00a0suivantes :\u00a0 \u00a0Tous rendez-vous non annul\u00e9e 24h \u00e0 l\u2019avance est consid\u00e9r\u00e9e comme due. R\u00e8glements :\u00a0 R\u00e8glement sur place en carte bancaire, [&hellip;]","og_url":"https:\/\/mireillefacialiste.com\/fr\/conditions-generales-dutilisations-et-de-ventes\/","og_site_name":"Mireille Facialiste","article_modified_time":"2024-12-10T10:14:11+00:00","twitter_card":"summary_large_image","twitter_misc":{"Dur\u00e9e de lecture estim\u00e9e":"1 minute"},"schema":{"@context":"https:\/\/schema.org","@graph":[{"@type":"WebPage","@id":"https:\/\/mireillefacialiste.com\/conditions-generales-dutilisations-et-de-ventes\/","url":"https:\/\/mireillefacialiste.com\/conditions-generales-dutilisations-et-de-ventes\/","name":"Conditions G\u00e9n\u00e9rales d'utilisations et de ventes - Mireille Facialiste","isPartOf":{"@id":"https:\/\/mireillefacialiste.com\/fr\/#website"},"datePublished":"2023-12-27T20:57:56+00:00","dateModified":"2024-12-10T10:14:11+00:00","breadcrumb":{"@id":"https:\/\/mireillefacialiste.com\/conditions-generales-dutilisations-et-de-ventes\/#breadcrumb"},"inLanguage":"fr-FR","potentialAction":[{"@type":"ReadAction","target":["https:\/\/mireillefacialiste.com\/conditions-generales-dutilisations-et-de-ventes\/"]}]},{"@type":"BreadcrumbList","@id":"https:\/\/mireillefacialiste.com\/conditions-generales-dutilisations-et-de-ventes\/#breadcrumb","itemListElement":[{"@type":"ListItem","position":1,"name":"Accueil","item":"https:\/\/mireillefacialiste.com\/"},{"@type":"ListItem","position":2,"name":"Conditions G\u00e9n\u00e9rales d&rsquo;utilisations et de ventes"}]},{"@type":"WebSite","@id":"https:\/\/mireillefacialiste.com\/fr\/#website","url":"https:\/\/mireillefacialiste.com\/fr\/","name":"Mireille Facialiste","description":"Facialiste \u00e0 Domicile - Aix-les-Bains et alentours - Rhone Alpes","publisher":{"@id":"https:\/\/mireillefacialiste.com\/fr\/#organization"},"potentialAction":[{"@type":"SearchAction","target":{"@type":"EntryPoint","urlTemplate":"https:\/\/mireillefacialiste.com\/fr\/?s={search_term_string}"},"query-input":{"@type":"PropertyValueSpecification","valueRequired":true,"valueName":"search_term_string"}}],"inLanguage":"fr-FR"},{"@type":"Organization","@id":"https:\/\/mireillefacialiste.com\/fr\/#organization","name":"Mireille Facialiste","url":"https:\/\/mireillefacialiste.com\/fr\/","logo":{"@type":"ImageObject","inLanguage":"fr-FR","@id":"https:\/\/mireillefacialiste.com\/fr\/#\/schema\/logo\/image\/","url":"https:\/\/mireillefacialiste.com\/wp-content\/uploads\/2023\/11\/cropped-Logo-MF-rectangulaire-noir.png","contentUrl":"https:\/\/mireillefacialiste.com\/wp-content\/uploads\/2023\/11\/cropped-Logo-MF-rectangulaire-noir.png","width":1001,"height":400,"caption":"Mireille Facialiste"},"image":{"@id":"https:\/\/mireillefacialiste.com\/fr\/#\/schema\/logo\/image\/"}}]}},"_links":{"self":[{"href":"https:\/\/mireillefacialiste.com\/fr\/wp-json\/wp\/v2\/pages\/366","targetHints":{"allow":["GET"]}}],"collection":[{"href":"https:\/\/mireillefacialiste.com\/fr\/wp-json\/wp\/v2\/pages"}],"about":[{"href":"https:\/\/mireillefacialiste.com\/fr\/wp-json\/wp\/v2\/types\/page"}],"author":[{"embeddable":true,"href":"https:\/\/mireillefacialiste.com\/fr\/wp-json\/wp\/v2\/users\/1"}],"replies":[{"embeddable":true,"href":"https:\/\/mireillefacialiste.com\/fr\/wp-json\/wp\/v2\/comments?post=366"}],"version-history":[{"count":28,"href":"https:\/\/mireillefacialiste.com\/fr\/wp-json\/wp\/v2\/pages\/366\/revisions"}],"predecessor-version":[{"id":1267,"href":"https:\/\/mireillefacialiste.com\/fr\/wp-json\/wp\/v2\/pages\/366\/revisions\/1267"}],"wp:attachment":[{"href":"https:\/\/mireillefacialiste.com\/fr\/wp-json\/wp\/v2\/media?parent=366"}],"curies":[{"name":"wp","href":"https:\/\/api.w.org\/{rel}","templated":true}]}}