{"id":475,"date":"2023-12-28T13:52:55","date_gmt":"2023-12-28T13:52:55","guid":{"rendered":"https:\/\/mireillefacialiste.com\/?page_id=475"},"modified":"2024-12-23T19:16:23","modified_gmt":"2024-12-23T18:16:23","slug":"atelier-auto-massage-mireille-facialiste","status":"publish","type":"page","link":"https:\/\/mireillefacialiste.com\/eng\/atelier-auto-massage-mireille-facialiste\/","title":{"rendered":"Atelier Automassage &#8211; Mireille Facialiste"},"content":{"rendered":"<div data-elementor-type=\"wp-page\" data-elementor-id=\"475\" class=\"elementor elementor-475\" data-elementor-post-type=\"page\">\n\t\t\t\t<div class=\"elementor-element elementor-element-3122a2e7 e-flex e-con-boxed e-con e-parent\" data-id=\"3122a2e7\" data-element_type=\"container\" data-settings=\"{&quot;background_background&quot;:&quot;classic&quot;}\">\n\t\t\t\t\t<div class=\"e-con-inner\">\n\t\t<div class=\"elementor-element elementor-element-5d285645 e-con-full e-flex elementor-invisible e-con e-child\" data-id=\"5d285645\" data-element_type=\"container\" data-settings=\"{&quot;background_background&quot;:&quot;classic&quot;,&quot;animation&quot;:&quot;fadeInUp&quot;}\">\n\t\t\t\t<div class=\"elementor-element elementor-element-12bd96b elementor-widget elementor-widget-heading\" data-id=\"12bd96b\" data-element_type=\"widget\" data-widget_type=\"heading.default\">\n\t\t\t\t<div class=\"elementor-widget-container\">\n\t\t\t\t\t<h1 class=\"elementor-heading-title elementor-size-default\">Self-massage workshop<\/h1>\t\t\t\t<\/div>\n\t\t\t\t<\/div>\n\t\t\t\t<div class=\"elementor-element elementor-element-34ce662f elementor-widget elementor-widget-text-editor\" data-id=\"34ce662f\" data-element_type=\"widget\" data-widget_type=\"text-editor.default\">\n\t\t\t\t<div class=\"elementor-widget-container\">\n\t\t\t\t\t\t\t\t\t<p>Individually or in a group, to teach you how to massage your face yourself thus and prolonging and maintaining the benefits of the massages given by your facialist.<\/p>\t\t\t\t\t\t\t\t<\/div>\n\t\t\t\t<\/div>\n\t\t\t\t<\/div>\n\t\t<div class=\"elementor-element elementor-element-20ea8033 e-con-full e-flex e-con e-child\" data-id=\"20ea8033\" data-element_type=\"container\" data-settings=\"{&quot;background_background&quot;:&quot;classic&quot;}\">\n\t\t\t\t<div class=\"elementor-element elementor-element-490a410 elementor-widget elementor-widget-image\" data-id=\"490a410\" data-element_type=\"widget\" data-widget_type=\"image.default\">\n\t\t\t\t<div class=\"elementor-widget-container\">\n\t\t\t\t\t\t\t\t\t\t\t\t\t\t\t<img fetchpriority=\"high\" decoding=\"async\" width=\"1600\" height=\"1067\" src=\"https:\/\/mireillefacialiste.com\/wp-content\/uploads\/2024\/01\/mireille-facialiste-2023\u00a9julieriviere-223.jpg\" class=\"attachment-full size-full wp-image-812\" alt=\"\" srcset=\"https:\/\/mireillefacialiste.com\/wp-content\/uploads\/2024\/01\/mireille-facialiste-2023\u00a9julieriviere-223.jpg 1600w, https:\/\/mireillefacialiste.com\/wp-content\/uploads\/2024\/01\/mireille-facialiste-2023\u00a9julieriviere-223-300x200.jpg 300w, https:\/\/mireillefacialiste.com\/wp-content\/uploads\/2024\/01\/mireille-facialiste-2023\u00a9julieriviere-223-1024x683.jpg 1024w, https:\/\/mireillefacialiste.com\/wp-content\/uploads\/2024\/01\/mireille-facialiste-2023\u00a9julieriviere-223-768x512.jpg 768w, https:\/\/mireillefacialiste.com\/wp-content\/uploads\/2024\/01\/mireille-facialiste-2023\u00a9julieriviere-223-1536x1024.jpg 1536w, https:\/\/mireillefacialiste.com\/wp-content\/uploads\/2024\/01\/mireille-facialiste-2023\u00a9julieriviere-223-18x12.jpg 18w\" sizes=\"(max-width: 1600px) 100vw, 1600px\" \/>\t\t\t\t\t\t\t\t\t\t\t\t\t\t\t<\/div>\n\t\t\t\t<\/div>\n\t\t\t\t<\/div>\n\t\t\t\t\t<\/div>\n\t\t\t\t<\/div>\n\t\t<div class=\"elementor-element elementor-element-7a2c99d e-flex e-con-boxed e-con e-parent\" data-id=\"7a2c99d\" data-element_type=\"container\">\n\t\t\t\t\t<div class=\"e-con-inner\">\n\t\t<div class=\"elementor-element elementor-element-c51a026 e-con-full e-flex e-con e-child\" data-id=\"c51a026\" data-element_type=\"container\">\n\t\t\t\t<div class=\"elementor-element elementor-element-be2b39e elementor-widget elementor-widget-heading\" data-id=\"be2b39e\" data-element_type=\"widget\" data-widget_type=\"heading.default\">\n\t\t\t\t<div class=\"elementor-widget-container\">\n\t\t\t\t\t<h2 class=\"elementor-heading-title elementor-size-default\">Workshop sequence<\/h2>\t\t\t\t<\/div>\n\t\t\t\t<\/div>\n\t\t\t\t<div class=\"elementor-element elementor-element-1b2545a elementor-icon-list--layout-traditional elementor-list-item-link-full_width elementor-widget elementor-widget-icon-list\" data-id=\"1b2545a\" data-element_type=\"widget\" data-widget_type=\"icon-list.default\">\n\t\t\t\t<div class=\"elementor-widget-container\">\n\t\t\t\t\t\t\t<ul class=\"elementor-icon-list-items\">\n\t\t\t\t\t\t\t<li class=\"elementor-icon-list-item\">\n\t\t\t\t\t\t\t\t\t\t\t<span class=\"elementor-icon-list-icon\">\n\t\t\t\t\t\t\t<svg aria-hidden=\"true\" class=\"e-font-icon-svg e-fas-chevron-right\" viewbox=\"0 0 320 512\" xmlns=\"http:\/\/www.w3.org\/2000\/svg\"><path d=\"M285.476 272.971L91.132 467.314c-9.373 9.373-24.569 9.373-33.941 0l-22.667-22.667c-9.357-9.357-9.375-24.522-.04-33.901L188.505 256 34.484 101.255c-9.335-9.379-9.317-24.544.04-33.901l22.667-22.667c9.373-9.373 24.569-9.373 33.941 0L285.475 239.03c9.373 9.372 9.373 24.568.001 33.941z\"><\/path><\/svg>\t\t\t\t\t\t<\/span>\n\t\t\t\t\t\t\t\t\t\t<span class=\"elementor-icon-list-text\">Expert advice on choosing the right massage oil for your needs.<\/span>\n\t\t\t\t\t\t\t\t\t<\/li>\n\t\t\t\t\t\t\t\t<li class=\"elementor-icon-list-item\">\n\t\t\t\t\t\t\t\t\t\t\t<span class=\"elementor-icon-list-icon\">\n\t\t\t\t\t\t\t<svg aria-hidden=\"true\" class=\"e-font-icon-svg e-fas-chevron-right\" viewbox=\"0 0 320 512\" xmlns=\"http:\/\/www.w3.org\/2000\/svg\"><path d=\"M285.476 272.971L91.132 467.314c-9.373 9.373-24.569 9.373-33.941 0l-22.667-22.667c-9.357-9.357-9.375-24.522-.04-33.901L188.505 256 34.484 101.255c-9.335-9.379-9.317-24.544.04-33.901l22.667-22.667c9.373-9.373 24.569-9.373 33.941 0L285.475 239.03c9.373 9.372 9.373 24.568.001 33.941z\"><\/path><\/svg>\t\t\t\t\t\t<\/span>\n\t\t\t\t\t\t\t\t\t\t<span class=\"elementor-icon-list-text\">A personalized self-massage ritual for a 3min\/day practice.<\/span>\n\t\t\t\t\t\t\t\t\t<\/li>\n\t\t\t\t\t\t\t\t<li class=\"elementor-icon-list-item\">\n\t\t\t\t\t\t\t\t\t\t\t<span class=\"elementor-icon-list-icon\">\n\t\t\t\t\t\t\t<svg aria-hidden=\"true\" class=\"e-font-icon-svg e-fas-chevron-right\" viewbox=\"0 0 320 512\" xmlns=\"http:\/\/www.w3.org\/2000\/svg\"><path d=\"M285.476 272.971L91.132 467.314c-9.373 9.373-24.569 9.373-33.941 0l-22.667-22.667c-9.357-9.357-9.375-24.522-.04-33.901L188.505 256 34.484 101.255c-9.335-9.379-9.317-24.544.04-33.901l22.667-22.667c9.373-9.373 24.569-9.373 33.941 0L285.475 239.03c9.373 9.372 9.373 24.568.001 33.941z\"><\/path><\/svg>\t\t\t\t\t\t<\/span>\n\t\t\t\t\t\t\t\t\t\t<span class=\"elementor-icon-list-text\">Learn to use one or more massage tools<\/span>\n\t\t\t\t\t\t\t\t\t<\/li>\n\t\t\t\t\t\t<\/ul>\n\t\t\t\t\t\t<\/div>\n\t\t\t\t<\/div>\n\t\t\t\t<div class=\"elementor-element elementor-element-fec7c6a elementor-widget-divider--view-line elementor-widget elementor-widget-divider\" data-id=\"fec7c6a\" data-element_type=\"widget\" data-widget_type=\"divider.default\">\n\t\t\t\t<div class=\"elementor-widget-container\">\n\t\t\t\t\t\t\t<div class=\"elementor-divider\">\n\t\t\t<span class=\"elementor-divider-separator\">\n\t\t\t\t\t\t<\/span>\n\t\t<\/div>\n\t\t\t\t\t\t<\/div>\n\t\t\t\t<\/div>\n\t\t\t\t<div class=\"elementor-element elementor-element-6f688e1 elementor-widget elementor-widget-price-list\" data-id=\"6f688e1\" data-element_type=\"widget\" data-widget_type=\"price-list.default\">\n\t\t\t\t<div class=\"elementor-widget-container\">\n\t\t\t\t\t\n\t\t<ul class=\"elementor-price-list\">\n\n\t\t\t\t\t\t\t\t\t<li><a class=\"elementor-price-list-item\" href=\"#\">\t\t\t\t\n\t\t\t\t<div class=\"elementor-price-list-text\">\n\t\t\t\t\t\t\t\t\t<div class=\"elementor-price-list-header\">\n\t\t\t\t\t\t\t\t\t\t\t<span class=\"elementor-price-list-title\">\n\t\t\t\t\t\t\tIndividual self-massage course\t\t\t\t\t\t<\/span>\n\t\t\t\t\t\t\t\t\t\t\t\t\t\t\t\t\t\t<span class=\"elementor-price-list-separator\"><\/span>\n\t\t\t\t\t\t\t\t\t\t\t\t\t\t\t\t\t\t\t<span class=\"elementor-price-list-price\">120\u20ac<\/span>\n\t\t\t\t\t\t\t\t\t\t<\/div>\n\t\t\t\t\t\t\t\t\t\t\t\t\t\t\t<p class=\"elementor-price-list-description\">\n\t\t\t\t\t\t\t1 person - 60 minutes\t\t\t\t\t\t<\/p>\n\t\t\t\t\t\t\t\t<\/div>\n\t\t\t\t<\/a><\/li>\t\t\t\t\t\t\t\t\t\t\t\t<li><a class=\"elementor-price-list-item\" href=\"#\">\t\t\t\t\n\t\t\t\t<div class=\"elementor-price-list-text\">\n\t\t\t\t\t\t\t\t\t<div class=\"elementor-price-list-header\">\n\t\t\t\t\t\t\t\t\t\t\t<span class=\"elementor-price-list-title\">\n\t\t\t\t\t\t\tSelf-massage class for 2\t\t\t\t\t\t<\/span>\n\t\t\t\t\t\t\t\t\t\t\t\t\t\t\t\t\t\t<span class=\"elementor-price-list-separator\"><\/span>\n\t\t\t\t\t\t\t\t\t\t\t\t\t\t\t\t\t\t\t<span class=\"elementor-price-list-price\">90\u20ac\/pers.<\/span>\n\t\t\t\t\t\t\t\t\t\t<\/div>\n\t\t\t\t\t\t\t\t\t\t\t\t\t\t\t<p class=\"elementor-price-list-description\">\n\t\t\t\t\t\t\t2 people - 180\u20ac - 60 minutes \t\t\t\t\t\t<\/p>\n\t\t\t\t\t\t\t\t<\/div>\n\t\t\t\t<\/a><\/li>\t\t\t\t\t\t\t\t\t\t\t\t<li><a class=\"elementor-price-list-item\" href=\"#\">\t\t\t\t\n\t\t\t\t<div class=\"elementor-price-list-text\">\n\t\t\t\t\t\t\t\t\t<div class=\"elementor-price-list-header\">\n\t\t\t\t\t\t\t\t\t\t\t<span class=\"elementor-price-list-title\">\n\t\t\t\t\t\t\tSelf-massage class for 3\t\t\t\t\t\t<\/span>\n\t\t\t\t\t\t\t\t\t\t\t\t\t\t\t\t\t\t<span class=\"elementor-price-list-separator\"><\/span>\n\t\t\t\t\t\t\t\t\t\t\t\t\t\t\t\t\t\t\t<span class=\"elementor-price-list-price\">70\u20ac\/pers.<\/span>\n\t\t\t\t\t\t\t\t\t\t<\/div>\n\t\t\t\t\t\t\t\t\t\t\t\t\t\t\t<p class=\"elementor-price-list-description\">\n\t\t\t\t\t\t\t3 personnes - 210\u20ac - 60 minutes\t\t\t\t\t\t<\/p>\n\t\t\t\t\t\t\t\t<\/div>\n\t\t\t\t<\/a><\/li>\t\t\t\t\t\t\t\t\t\t\t\t<li><a class=\"elementor-price-list-item\" href=\"#\">\t\t\t\t\n\t\t\t\t<div class=\"elementor-price-list-text\">\n\t\t\t\t\t\t\t\t\t<div class=\"elementor-price-list-header\">\n\t\t\t\t\t\t\t\t\t\t\t<span class=\"elementor-price-list-title\">\n\t\t\t\t\t\t\tGroup self-massage workshop\t\t\t\t\t\t<\/span>\n\t\t\t\t\t\t\t\t\t\t\t\t\t\t\t\t\t\t<span class=\"elementor-price-list-separator\"><\/span>\n\t\t\t\t\t\t\t\t\t\t\t\t\t\t\t\t\t\t\t<span class=\"elementor-price-list-price\">45\u20ac \/ pers.<\/span>\n\t\t\t\t\t\t\t\t\t\t<\/div>\n\t\t\t\t\t\t\t\t\t\t\t\t\t\t\t<p class=\"elementor-price-list-description\">\n\t\t\t\t\t\t\t6-8 people - 1h 30 maximum\n<br> Ideal as a team-building activity, bachelorette party, seminar or wellness day.\t\t\t\t\t\t<\/p>\n\t\t\t\t\t\t\t\t<\/div>\n\t\t\t\t<\/a><\/li>\t\t\t\t\t\t\t\t\t\t\t\t<li><a class=\"elementor-price-list-item\" href=\"#\">\t\t\t\t\n\t\t\t\t<div class=\"elementor-price-list-text\">\n\t\t\t\t\t\t\t\t\t<div class=\"elementor-price-list-header\">\n\t\t\t\t\t\t\t\t\t\t\t<span class=\"elementor-price-list-title\">\n\t\t\t\t\t\t\tGroup self-massage workshop\t\t\t\t\t\t<\/span>\n\t\t\t\t\t\t\t\t\t\t\t\t\t\t\t\t\t\t<span class=\"elementor-price-list-separator\"><\/span>\n\t\t\t\t\t\t\t\t\t\t\t\t\t\t\t\t\t\t\t<span class=\"elementor-price-list-price\">On request<\/span>\n\t\t\t\t\t\t\t\t\t\t<\/div>\n\t\t\t\t\t\t\t\t\t\t\t\t\t\t\t<p class=\"elementor-price-list-description\">\n\t\t\t\t\t\t\t+ more than 8 people\n\t\t\t\t\t\t<\/p>\n\t\t\t\t\t\t\t\t<\/div>\n\t\t\t\t<\/a><\/li>\t\t\t\t\t\n\t\t<\/ul>\n\n\t\t\t\t\t\t<\/div>\n\t\t\t\t<\/div>\n\t\t\t\t<div class=\"elementor-element elementor-element-f4e2e76 elementor-align-center elementor-widget elementor-widget-button\" data-id=\"f4e2e76\" data-element_type=\"widget\" data-widget_type=\"button.default\">\n\t\t\t\t<div class=\"elementor-widget-container\">\n\t\t\t\t\t\t\t\t\t<div class=\"elementor-button-wrapper\">\n\t\t\t\t\t<a class=\"elementor-button elementor-button-link elementor-size-sm\" href=\"https:\/\/mireillefacialiste.com\/eng\/contact-mireille-facialiste\/\">\n\t\t\t\t\t\t<span class=\"elementor-button-content-wrapper\">\n\t\t\t\t\t\t\t\t\t<span class=\"elementor-button-text\">Contact me<\/span>\n\t\t\t\t\t<\/span>\n\t\t\t\t\t<\/a>\n\t\t\t\t<\/div>\n\t\t\t\t\t\t\t\t<\/div>\n\t\t\t\t<\/div>\n\t\t\t\t<\/div>\n\t\t<div class=\"elementor-element elementor-element-5402986 e-con-full e-flex e-con e-child\" data-id=\"5402986\" data-element_type=\"container\">\n\t\t\t\t<div class=\"elementor-element elementor-element-b087892 elementor-widget elementor-widget-gallery\" data-id=\"b087892\" data-element_type=\"widget\" data-settings=\"{&quot;gallery_layout&quot;:&quot;masonry&quot;,&quot;columns&quot;:2,&quot;columns_mobile&quot;:2,&quot;lazyload&quot;:&quot;yes&quot;,&quot;columns_tablet&quot;:2,&quot;gap&quot;:{&quot;unit&quot;:&quot;px&quot;,&quot;size&quot;:10,&quot;sizes&quot;:[]},&quot;gap_tablet&quot;:{&quot;unit&quot;:&quot;px&quot;,&quot;size&quot;:10,&quot;sizes&quot;:[]},&quot;gap_mobile&quot;:{&quot;unit&quot;:&quot;px&quot;,&quot;size&quot;:10,&quot;sizes&quot;:[]},&quot;overlay_background&quot;:&quot;yes&quot;,&quot;content_hover_animation&quot;:&quot;fade-in&quot;}\" data-widget_type=\"gallery.default\">\n\t\t\t\t<div class=\"elementor-widget-container\">\n\t\t\t\t\t\t\t<div class=\"elementor-gallery__container\">\n\t\t\t\t\t\t\t<div class=\"e-gallery-item elementor-gallery-item elementor-animated-content\">\n\t\t\t\t\t<div class=\"e-gallery-image elementor-gallery-item__image\" data-thumbnail=\"https:\/\/mireillefacialiste.com\/wp-content\/uploads\/2024\/01\/mireille-facialiste-2023\u00a9julieriviere-200.jpg\" data-width=\"1067\" data-height=\"1600\" aria-label=\"\" role=\"img\" ><\/div>\n\t\t\t\t\t\t\t\t\t\t\t<div class=\"elementor-gallery-item__overlay\"><\/div>\n\t\t\t\t\t\t\t\t\t\t\t\t\t\t<\/div>\n\t\t\t\t\t\t\t<div class=\"e-gallery-item elementor-gallery-item elementor-animated-content\">\n\t\t\t\t\t<div class=\"e-gallery-image elementor-gallery-item__image\" data-thumbnail=\"https:\/\/mireillefacialiste.com\/wp-content\/uploads\/2024\/01\/mireille-facialiste-2023\u00a9julieriviere-217.jpg\" data-width=\"1600\" data-height=\"1067\" aria-label=\"atelier auto massage visage en savoie\" role=\"img\" ><\/div>\n\t\t\t\t\t\t\t\t\t\t\t<div class=\"elementor-gallery-item__overlay\"><\/div>\n\t\t\t\t\t\t\t\t\t\t\t\t\t\t<\/div>\n\t\t\t\t\t\t\t<div class=\"e-gallery-item elementor-gallery-item elementor-animated-content\">\n\t\t\t\t\t<div class=\"e-gallery-image elementor-gallery-item__image\" data-thumbnail=\"https:\/\/mireillefacialiste.com\/wp-content\/uploads\/2024\/01\/mireille-facialiste-2023\u00a9julieriviere-41.jpg\" data-width=\"1067\" data-height=\"1600\" aria-label=\"cours d&#039;auto massage professionnel savoie\" role=\"img\" ><\/div>\n\t\t\t\t\t\t\t\t\t\t\t<div class=\"elementor-gallery-item__overlay\"><\/div>\n\t\t\t\t\t\t\t\t\t\t\t\t\t\t<\/div>\n\t\t\t\t\t\t\t<div class=\"e-gallery-item elementor-gallery-item elementor-animated-content\">\n\t\t\t\t\t<div class=\"e-gallery-image elementor-gallery-item__image\" data-thumbnail=\"https:\/\/mireillefacialiste.com\/wp-content\/uploads\/2024\/01\/mireille-facialiste-2023\u00a9julieriviere-219.jpg\" data-width=\"1067\" data-height=\"1600\" aria-label=\"\" role=\"img\" ><\/div>\n\t\t\t\t\t\t\t\t\t\t\t<div class=\"elementor-gallery-item__overlay\"><\/div>\n\t\t\t\t\t\t\t\t\t\t\t\t\t\t<\/div>\n\t\t\t\t\t\t\t<div class=\"e-gallery-item elementor-gallery-item elementor-animated-content\">\n\t\t\t\t\t<div class=\"e-gallery-image elementor-gallery-item__image\" data-thumbnail=\"https:\/\/mireillefacialiste.com\/wp-content\/uploads\/2024\/01\/mireille-facialiste-2023\u00a9julieriviere-208-1.jpg\" data-width=\"1600\" data-height=\"1067\" aria-label=\"\" role=\"img\" ><\/div>\n\t\t\t\t\t\t\t\t\t\t\t<div class=\"elementor-gallery-item__overlay\"><\/div>\n\t\t\t\t\t\t\t\t\t\t\t\t\t\t<\/div>\n\t\t\t\t\t<\/div>\n\t\t\t\t\t<\/div>\n\t\t\t\t<\/div>\n\t\t\t\t<\/div>\n\t\t\t\t\t<\/div>\n\t\t\t\t<\/div>\n\t\t\t\t<\/div>","protected":false},"excerpt":{"rendered":"<p>Atelier Automassage Individuellement ou en groupe, afin de vous apprendre \u00e0 masser vous-m\u00eame votre visage et ainsi prolonger et entretenir les bienfaits des massages prodigu\u00e9s par votre facialiste. D\u00e9roulement d&rsquo;un atelier Conseil pour le choix de votre huile de massage, adapt\u00e9e \u00e0 vos besoins. Un rituel d\u2019automassage personnalis\u00e9 \u00e0 pratiquer 3min\/jour. Apprendre \u00e0 utiliser un [&hellip;]<\/p>","protected":false},"author":1,"featured_media":0,"parent":0,"menu_order":0,"comment_status":"closed","ping_status":"closed","template":"","meta":{"footnotes":""},"class_list":["post-475","page","type-page","status-publish","hentry"],"yoast_head":"<!-- This site is optimized with the Yoast SEO plugin v24.3 - https:\/\/yoast.com\/wordpress\/plugins\/seo\/ -->\n<title>Atelier Automassage - Mireille Facialiste - Mireille Facialiste<\/title>\n<meta name=\"robots\" content=\"index, follow, max-snippet:-1, max-image-preview:large, max-video-preview:-1\" \/>\n<link rel=\"canonical\" href=\"https:\/\/mireillefacialiste.com\/eng\/atelier-auto-massage-mireille-facialiste\/\" \/>\n<meta property=\"og:locale\" content=\"en_GB\" \/>\n<meta property=\"og:type\" content=\"article\" \/>\n<meta property=\"og:title\" content=\"Atelier Automassage - Mireille Facialiste - Mireille Facialiste\" \/>\n<meta property=\"og:description\" content=\"Atelier Automassage Individuellement ou en groupe, afin de vous apprendre \u00e0 masser vous-m\u00eame votre visage et ainsi prolonger et entretenir les bienfaits des massages prodigu\u00e9s par votre facialiste. D\u00e9roulement d&rsquo;un atelier Conseil pour le choix de votre huile de massage, adapt\u00e9e \u00e0 vos besoins. Un rituel d\u2019automassage personnalis\u00e9 \u00e0 pratiquer 3min\/jour. Apprendre \u00e0 utiliser un [&hellip;]\" \/>\n<meta property=\"og:url\" content=\"https:\/\/mireillefacialiste.com\/eng\/atelier-auto-massage-mireille-facialiste\/\" \/>\n<meta property=\"og:site_name\" content=\"Mireille Facialiste\" \/>\n<meta property=\"article:modified_time\" content=\"2024-12-23T18:16:23+00:00\" \/>\n<meta name=\"twitter:card\" content=\"summary_large_image\" \/>\n<meta name=\"twitter:label1\" content=\"Estimated reading time\" \/>\n\t<meta name=\"twitter:data1\" content=\"1 minute\" \/>\n<script type=\"application\/ld+json\" class=\"yoast-schema-graph\">{\"@context\":\"https:\/\/schema.org\",\"@graph\":[{\"@type\":\"WebPage\",\"@id\":\"https:\/\/mireillefacialiste.com\/fr\/atelier-auto-massage-mireille-facialiste\/\",\"url\":\"https:\/\/mireillefacialiste.com\/fr\/atelier-auto-massage-mireille-facialiste\/\",\"name\":\"Atelier Automassage - Mireille Facialiste - Mireille Facialiste\",\"isPartOf\":{\"@id\":\"https:\/\/mireillefacialiste.com\/fr\/#website\"},\"datePublished\":\"2023-12-28T13:52:55+00:00\",\"dateModified\":\"2024-12-23T18:16:23+00:00\",\"breadcrumb\":{\"@id\":\"https:\/\/mireillefacialiste.com\/fr\/atelier-auto-massage-mireille-facialiste\/#breadcrumb\"},\"inLanguage\":\"en-GB\",\"potentialAction\":[{\"@type\":\"ReadAction\",\"target\":[\"https:\/\/mireillefacialiste.com\/fr\/atelier-auto-massage-mireille-facialiste\/\"]}]},{\"@type\":\"BreadcrumbList\",\"@id\":\"https:\/\/mireillefacialiste.com\/fr\/atelier-auto-massage-mireille-facialiste\/#breadcrumb\",\"itemListElement\":[{\"@type\":\"ListItem\",\"position\":1,\"name\":\"Accueil\",\"item\":\"https:\/\/mireillefacialiste.com\/\"},{\"@type\":\"ListItem\",\"position\":2,\"name\":\"Atelier Automassage &#8211; Mireille Facialiste\"}]},{\"@type\":\"WebSite\",\"@id\":\"https:\/\/mireillefacialiste.com\/fr\/#website\",\"url\":\"https:\/\/mireillefacialiste.com\/fr\/\",\"name\":\"Mireille Facialiste\",\"description\":\"Facialiste \u00e0 Domicile - Aix-les-Bains et alentours - Rhone Alpes\",\"publisher\":{\"@id\":\"https:\/\/mireillefacialiste.com\/fr\/#organization\"},\"potentialAction\":[{\"@type\":\"SearchAction\",\"target\":{\"@type\":\"EntryPoint\",\"urlTemplate\":\"https:\/\/mireillefacialiste.com\/fr\/?s={search_term_string}\"},\"query-input\":{\"@type\":\"PropertyValueSpecification\",\"valueRequired\":true,\"valueName\":\"search_term_string\"}}],\"inLanguage\":\"en-GB\"},{\"@type\":\"Organization\",\"@id\":\"https:\/\/mireillefacialiste.com\/fr\/#organization\",\"name\":\"Mireille Facialiste\",\"url\":\"https:\/\/mireillefacialiste.com\/fr\/\",\"logo\":{\"@type\":\"ImageObject\",\"inLanguage\":\"en-GB\",\"@id\":\"https:\/\/mireillefacialiste.com\/fr\/#\/schema\/logo\/image\/\",\"url\":\"https:\/\/mireillefacialiste.com\/wp-content\/uploads\/2023\/11\/cropped-Logo-MF-rectangulaire-noir.png\",\"contentUrl\":\"https:\/\/mireillefacialiste.com\/wp-content\/uploads\/2023\/11\/cropped-Logo-MF-rectangulaire-noir.png\",\"width\":1001,\"height\":400,\"caption\":\"Mireille Facialiste\"},\"image\":{\"@id\":\"https:\/\/mireillefacialiste.com\/fr\/#\/schema\/logo\/image\/\"}}]}<\/script>\n<!-- \/ Yoast SEO plugin. -->","yoast_head_json":{"title":"Atelier Automassage - Mireille Facialiste - Mireille Facialiste","robots":{"index":"index","follow":"follow","max-snippet":"max-snippet:-1","max-image-preview":"max-image-preview:large","max-video-preview":"max-video-preview:-1"},"canonical":"https:\/\/mireillefacialiste.com\/eng\/atelier-auto-massage-mireille-facialiste\/","og_locale":"en_GB","og_type":"article","og_title":"Atelier Automassage - Mireille Facialiste - Mireille Facialiste","og_description":"Atelier Automassage Individuellement ou en groupe, afin de vous apprendre \u00e0 masser vous-m\u00eame votre visage et ainsi prolonger et entretenir les bienfaits des massages prodigu\u00e9s par votre facialiste. D\u00e9roulement d&rsquo;un atelier Conseil pour le choix de votre huile de massage, adapt\u00e9e \u00e0 vos besoins. Un rituel d\u2019automassage personnalis\u00e9 \u00e0 pratiquer 3min\/jour. Apprendre \u00e0 utiliser un [&hellip;]","og_url":"https:\/\/mireillefacialiste.com\/eng\/atelier-auto-massage-mireille-facialiste\/","og_site_name":"Mireille Facialiste","article_modified_time":"2024-12-23T18:16:23+00:00","twitter_card":"summary_large_image","twitter_misc":{"Estimated reading time":"1 minute"},"schema":{"@context":"https:\/\/schema.org","@graph":[{"@type":"WebPage","@id":"https:\/\/mireillefacialiste.com\/fr\/atelier-auto-massage-mireille-facialiste\/","url":"https:\/\/mireillefacialiste.com\/fr\/atelier-auto-massage-mireille-facialiste\/","name":"Atelier Automassage - Mireille Facialiste - Mireille Facialiste","isPartOf":{"@id":"https:\/\/mireillefacialiste.com\/fr\/#website"},"datePublished":"2023-12-28T13:52:55+00:00","dateModified":"2024-12-23T18:16:23+00:00","breadcrumb":{"@id":"https:\/\/mireillefacialiste.com\/fr\/atelier-auto-massage-mireille-facialiste\/#breadcrumb"},"inLanguage":"en-GB","potentialAction":[{"@type":"ReadAction","target":["https:\/\/mireillefacialiste.com\/fr\/atelier-auto-massage-mireille-facialiste\/"]}]},{"@type":"BreadcrumbList","@id":"https:\/\/mireillefacialiste.com\/fr\/atelier-auto-massage-mireille-facialiste\/#breadcrumb","itemListElement":[{"@type":"ListItem","position":1,"name":"Accueil","item":"https:\/\/mireillefacialiste.com\/"},{"@type":"ListItem","position":2,"name":"Atelier Automassage &#8211; Mireille Facialiste"}]},{"@type":"WebSite","@id":"https:\/\/mireillefacialiste.com\/fr\/#website","url":"https:\/\/mireillefacialiste.com\/fr\/","name":"Mireille Facialiste","description":"Facialiste \u00e0 Domicile - Aix-les-Bains et alentours - Rhone Alpes","publisher":{"@id":"https:\/\/mireillefacialiste.com\/fr\/#organization"},"potentialAction":[{"@type":"SearchAction","target":{"@type":"EntryPoint","urlTemplate":"https:\/\/mireillefacialiste.com\/fr\/?s={search_term_string}"},"query-input":{"@type":"PropertyValueSpecification","valueRequired":true,"valueName":"search_term_string"}}],"inLanguage":"en-GB"},{"@type":"Organization","@id":"https:\/\/mireillefacialiste.com\/fr\/#organization","name":"Mireille Facialiste","url":"https:\/\/mireillefacialiste.com\/fr\/","logo":{"@type":"ImageObject","inLanguage":"en-GB","@id":"https:\/\/mireillefacialiste.com\/fr\/#\/schema\/logo\/image\/","url":"https:\/\/mireillefacialiste.com\/wp-content\/uploads\/2023\/11\/cropped-Logo-MF-rectangulaire-noir.png","contentUrl":"https:\/\/mireillefacialiste.com\/wp-content\/uploads\/2023\/11\/cropped-Logo-MF-rectangulaire-noir.png","width":1001,"height":400,"caption":"Mireille Facialiste"},"image":{"@id":"https:\/\/mireillefacialiste.com\/fr\/#\/schema\/logo\/image\/"}}]}},"_links":{"self":[{"href":"https:\/\/mireillefacialiste.com\/eng\/wp-json\/wp\/v2\/pages\/475","targetHints":{"allow":["GET"]}}],"collection":[{"href":"https:\/\/mireillefacialiste.com\/eng\/wp-json\/wp\/v2\/pages"}],"about":[{"href":"https:\/\/mireillefacialiste.com\/eng\/wp-json\/wp\/v2\/types\/page"}],"author":[{"embeddable":true,"href":"https:\/\/mireillefacialiste.com\/eng\/wp-json\/wp\/v2\/users\/1"}],"replies":[{"embeddable":true,"href":"https:\/\/mireillefacialiste.com\/eng\/wp-json\/wp\/v2\/comments?post=475"}],"version-history":[{"count":102,"href":"https:\/\/mireillefacialiste.com\/eng\/wp-json\/wp\/v2\/pages\/475\/revisions"}],"predecessor-version":[{"id":1482,"href":"https:\/\/mireillefacialiste.com\/eng\/wp-json\/wp\/v2\/pages\/475\/revisions\/1482"}],"wp:attachment":[{"href":"https:\/\/mireillefacialiste.com\/eng\/wp-json\/wp\/v2\/media?parent=475"}],"curies":[{"name":"wp","href":"https:\/\/api.w.org\/{rel}","templated":true}]}}